{"id":356,"date":"2025-02-03T11:21:42","date_gmt":"2025-02-03T10:21:42","guid":{"rendered":"https:\/\/studiohypathie.fr\/?page_id=356"},"modified":"2025-02-04T09:41:55","modified_gmt":"2025-02-04T08:41:55","slug":"artiste","status":"publish","type":"page","link":"https:\/\/studiohypathie.fr\/index.php\/artiste\/","title":{"rendered":"Artiste"},"content":{"rendered":"\t\t<div data-elementor-type=\"wp-page\" data-elementor-id=\"356\" class=\"elementor elementor-356\" data-elementor-post-type=\"page\">\n\t\t\t\t<div class=\"elementor-element elementor-element-4c678fd e-transform e-flex e-con-boxed e-con e-parent\" data-id=\"4c678fd\" data-element_type=\"container\" data-settings=\"{&quot;_transform_scale_effect&quot;:{&quot;unit&quot;:&quot;px&quot;,&quot;size&quot;:0.8,&quot;sizes&quot;:[]},&quot;_transform_scale_effect_mobile&quot;:{&quot;unit&quot;:&quot;px&quot;,&quot;size&quot;:0.8,&quot;sizes&quot;:[]},&quot;_transform_scale_effect_tablet&quot;:{&quot;unit&quot;:&quot;px&quot;,&quot;size&quot;:&quot;&quot;,&quot;sizes&quot;:[]}}\" bienvenue=\"\">\n\t\t\t\t\t<div class=\"e-con-inner\">\n\t\t<div class=\"elementor-element elementor-element-a4e5044 e-grid e-con-boxed e-con e-child\" data-id=\"a4e5044\" data-element_type=\"container\">\n\t\t\t\t\t<div class=\"e-con-inner\">\n\t\t\t\t<div class=\"elementor-element elementor-element-6ef4710 elementor-widget elementor-widget-image\" data-id=\"6ef4710\" data-element_type=\"widget\" data-widget_type=\"image.default\">\n\t\t\t\t<div class=\"elementor-widget-container\">\n\t\t\t\t\t\t\t\t\t\t\t\t\t<img decoding=\"async\" width=\"150\" height=\"150\" src=\"https:\/\/studiohypathie.fr\/wp-content\/uploads\/2024\/10\/hypathie-puce-soleil-150x150.png\" class=\"attachment-thumbnail size-thumbnail wp-image-18\" alt=\"\" srcset=\"https:\/\/studiohypathie.fr\/wp-content\/uploads\/2024\/10\/hypathie-puce-soleil-150x150.png 150w, https:\/\/studiohypathie.fr\/wp-content\/uploads\/2024\/10\/hypathie-puce-soleil-300x300.png 300w, https:\/\/studiohypathie.fr\/wp-content\/uploads\/2024\/10\/hypathie-puce-soleil.png 502w\" sizes=\"(max-width: 150px) 100vw, 150px\" \/>\t\t\t\t\t\t\t\t\t\t\t\t\t<\/div>\n\t\t\t\t<\/div>\n\t\t\t\t<div class=\"elementor-element elementor-element-292147c elementor-widget elementor-widget-image\" data-id=\"292147c\" data-element_type=\"widget\" data-widget_type=\"image.default\">\n\t\t\t\t<div class=\"elementor-widget-container\">\n\t\t\t\t\t\t\t\t\t\t\t\t\t<img decoding=\"async\" width=\"150\" height=\"150\" src=\"https:\/\/studiohypathie.fr\/wp-content\/uploads\/2024\/10\/hypathie-puce-rouage-150x150.png\" class=\"attachment-thumbnail size-thumbnail wp-image-17\" alt=\"\" srcset=\"https:\/\/studiohypathie.fr\/wp-content\/uploads\/2024\/10\/hypathie-puce-rouage-150x150.png 150w, https:\/\/studiohypathie.fr\/wp-content\/uploads\/2024\/10\/hypathie-puce-rouage-300x300.png 300w, https:\/\/studiohypathie.fr\/wp-content\/uploads\/2024\/10\/hypathie-puce-rouage.png 502w\" sizes=\"(max-width: 150px) 100vw, 150px\" \/>\t\t\t\t\t\t\t\t\t\t\t\t\t<\/div>\n\t\t\t\t<\/div>\n\t\t\t\t<div class=\"elementor-element elementor-element-547eae2 elementor-widget elementor-widget-image\" data-id=\"547eae2\" data-element_type=\"widget\" data-widget_type=\"image.default\">\n\t\t\t\t<div class=\"elementor-widget-container\">\n\t\t\t\t\t\t\t\t\t\t\t\t\t<img decoding=\"async\" width=\"150\" height=\"150\" src=\"https:\/\/studiohypathie.fr\/wp-content\/uploads\/2024\/10\/hypathie-puce-fleur-150x150.png\" class=\"attachment-thumbnail size-thumbnail wp-image-16\" alt=\"\" srcset=\"https:\/\/studiohypathie.fr\/wp-content\/uploads\/2024\/10\/hypathie-puce-fleur-150x150.png 150w, https:\/\/studiohypathie.fr\/wp-content\/uploads\/2024\/10\/hypathie-puce-fleur-300x300.png 300w, https:\/\/studiohypathie.fr\/wp-content\/uploads\/2024\/10\/hypathie-puce-fleur.png 502w\" sizes=\"(max-width: 150px) 100vw, 150px\" \/>\t\t\t\t\t\t\t\t\t\t\t\t\t<\/div>\n\t\t\t\t<\/div>\n\t\t\t\t\t<\/div>\n\t\t\t\t<\/div>\n\t\t\t\t\t<\/div>\n\t\t\t\t<\/div>\n\t\t<div class=\"elementor-element elementor-element-bc1fffd e-flex e-con-boxed e-con e-parent\" data-id=\"bc1fffd\" data-element_type=\"container\" d=\"\">\n\t\t\t\t\t<div class=\"e-con-inner\">\n\t\t\t\t<div class=\"elementor-element elementor-element-eb2a40a elementor-widget elementor-widget-heading\" data-id=\"eb2a40a\" data-element_type=\"widget\" title=\"\" concepts=\"\" installations=\"\" galerie=\"\" data-widget_type=\"heading.default\">\n\t\t\t\t<div class=\"elementor-widget-container\">\n\t\t\t<h1 class=\"elementor-heading-title elementor-size-default\">ARTISTE<\/h1>\t\t<\/div>\n\t\t\t\t<\/div>\n\t\t\t\t<div class=\"elementor-element elementor-element-a8a971f elementor-widget-divider--view-line elementor-widget elementor-widget-divider\" data-id=\"a8a971f\" data-element_type=\"widget\" data-widget_type=\"divider.default\">\n\t\t\t\t<div class=\"elementor-widget-container\">\n\t\t\t\t\t<div class=\"elementor-divider\">\n\t\t\t<span class=\"elementor-divider-separator\">\n\t\t\t\t\t\t<\/span>\n\t\t<\/div>\n\t\t\t\t<\/div>\n\t\t\t\t<\/div>\n\t\t\t\t<div class=\"elementor-element elementor-element-dccdb5b elementor-view-default elementor-widget elementor-widget-icon\" data-id=\"dccdb5b\" data-element_type=\"widget\" data-widget_type=\"icon.default\">\n\t\t\t\t<div class=\"elementor-widget-container\">\n\t\t\t\t\t<div class=\"elementor-icon-wrapper\">\n\t\t\t<a class=\"elementor-icon\" href=\"https:\/\/studiohypathie.fr\">\n\t\t\t<svg aria-hidden=\"true\" class=\"e-font-icon-svg e-fas-long-arrow-alt-left\" viewBox=\"0 0 448 512\" xmlns=\"http:\/\/www.w3.org\/2000\/svg\"><path d=\"M134.059 296H436c6.627 0 12-5.373 12-12v-56c0-6.627-5.373-12-12-12H134.059v-46.059c0-21.382-25.851-32.09-40.971-16.971L7.029 239.029c-9.373 9.373-9.373 24.569 0 33.941l86.059 86.059c15.119 15.119 40.971 4.411 40.971-16.971V296z\"><\/path><\/svg>\t\t\t<\/a>\n\t\t<\/div>\n\t\t\t\t<\/div>\n\t\t\t\t<\/div>\n\t\t\t\t<div class=\"elementor-element elementor-element-1da1ecb elementor-widget elementor-widget-spacer\" data-id=\"1da1ecb\" data-element_type=\"widget\" data-widget_type=\"spacer.default\">\n\t\t\t\t<div class=\"elementor-widget-container\">\n\t\t\t\t\t<div class=\"elementor-spacer\">\n\t\t\t<div class=\"elementor-spacer-inner\"><\/div>\n\t\t<\/div>\n\t\t\t\t<\/div>\n\t\t\t\t<\/div>\n\t\t\t\t<div class=\"elementor-element elementor-element-07d3936 elementor-widget elementor-widget-spacer\" data-id=\"07d3936\" data-element_type=\"widget\" data-widget_type=\"spacer.default\">\n\t\t\t\t<div class=\"elementor-widget-container\">\n\t\t\t\t\t<div class=\"elementor-spacer\">\n\t\t\t<div class=\"elementor-spacer-inner\"><\/div>\n\t\t<\/div>\n\t\t\t\t<\/div>\n\t\t\t\t<\/div>\n\t\t\t\t\t<\/div>\n\t\t\t\t<\/div>\n\t\t<div class=\"elementor-element elementor-element-2e97906 e-flex e-con-boxed e-con e-parent\" data-id=\"2e97906\" data-element_type=\"container\">\n\t\t\t\t\t<div class=\"e-con-inner\">\n\t\t\t\t<div class=\"elementor-element elementor-element-46ce9c7 elementor-widget elementor-widget-text-editor\" data-id=\"46ce9c7\" data-element_type=\"widget\" data-widget_type=\"text-editor.default\">\n\t\t\t\t<div class=\"elementor-widget-container\">\n\t\t\t\t\t\t\t<p>Des installations v\u00e9g\u00e9tales au mobilier urbain innovant, en passant par de la recherche en mat\u00e9riaux de d\u00e9pollution marine, de l\u2019art vid\u00e9o, des structures gigantesques de carnaval, des sculptures, de l\u2019art digital et d\u2019intelligence artificielle, Hypathie de son vrai nom Claire Pichelin est une inclassable exploratrice du r\u00e9el et des imaginaires, travaillant aux fronti\u00e8res de l\u2019Art et de la Science.<\/p>\t\t\t\t\t\t<\/div>\n\t\t\t\t<\/div>\n\t\t\t\t\t<\/div>\n\t\t\t\t<\/div>\n\t\t<div class=\"elementor-element elementor-element-ff27f73 e-flex e-con-boxed e-con e-parent\" data-id=\"ff27f73\" data-element_type=\"container\">\n\t\t\t\t\t<div class=\"e-con-inner\">\n\t\t\t\t<div class=\"elementor-element elementor-element-c66f9fd elementor-widget elementor-widget-text-editor\" data-id=\"c66f9fd\" data-element_type=\"widget\" data-widget_type=\"text-editor.default\">\n\t\t\t\t<div class=\"elementor-widget-container\">\n\t\t\t\t\t\t\t<p>Son nom d&rsquo;artiste, Hypathie, est un hommage \u00e0 Hypatia d&rsquo;Alexandrie, femme de Science et philosophe dont elle s&rsquo;inspire. Mais au-del\u00e0 de cette figure, c&rsquo;est surtout un clin d&rsquo;oeil \u00e0 Umberto Eco, aux \u00e9ternelles Hypathies dont il rend \u00e9galement hommage dans Baudolino: une tribue\u00a0 d&rsquo;amazones issues d&rsquo;Hypathie, portant son nom de g\u00e9n\u00e9ration en g\u00e9n\u00e9ration, un peu comme si il devait toujours y avoir dans le monde des Hypathie. C&rsquo;est une filiation comme un l&rsquo;attribut d&rsquo;un nom g\u00e9n\u00e9rique, qualifiant des femmes avec un certain regard \u00e0 la crois\u00e9e des disciplines scientifiques et philosophiques.\u00a0<\/p>\t\t\t\t\t\t<\/div>\n\t\t\t\t<\/div>\n\t\t\t\t\t<\/div>\n\t\t\t\t<\/div>\n\t\t<div class=\"elementor-element elementor-element-c5f69fa e-flex e-con-boxed e-con e-parent\" data-id=\"c5f69fa\" data-element_type=\"container\">\n\t\t\t\t\t<div class=\"e-con-inner\">\n\t\t\t\t<div class=\"elementor-element elementor-element-c5c7f48 elementor-widget elementor-widget-image\" data-id=\"c5c7f48\" data-element_type=\"widget\" data-widget_type=\"image.default\">\n\t\t\t\t<div class=\"elementor-widget-container\">\n\t\t\t\t\t\t\t\t\t\t\t\t\t<img decoding=\"async\" src=\"https:\/\/studiohypathie.fr\/wp-content\/uploads\/2025\/02\/Claire-Pichelin-aka-Hypathie-de-Saint-Puy.png\" title=\"Claire Pichelin aka Hypathie de Saint-Puy\" alt=\"Claire Pichelin aka Hypathie de Saint-Puy\" loading=\"lazy\" \/>\t\t\t\t\t\t\t\t\t\t\t\t\t<\/div>\n\t\t\t\t<\/div>\n\t\t\t\t\t<\/div>\n\t\t\t\t<\/div>\n\t\t<div class=\"elementor-element elementor-element-2cd27dc e-flex e-con-boxed e-con e-parent\" data-id=\"2cd27dc\" data-element_type=\"container\">\n\t\t\t\t\t<div class=\"e-con-inner\">\n\t\t\t\t<div class=\"elementor-element elementor-element-9805d49 elementor-widget elementor-widget-spacer\" data-id=\"9805d49\" data-element_type=\"widget\" data-widget_type=\"spacer.default\">\n\t\t\t\t<div class=\"elementor-widget-container\">\n\t\t\t\t\t<div class=\"elementor-spacer\">\n\t\t\t<div class=\"elementor-spacer-inner\"><\/div>\n\t\t<\/div>\n\t\t\t\t<\/div>\n\t\t\t\t<\/div>\n\t\t\t\t\t<\/div>\n\t\t\t\t<\/div>\n\t\t<div class=\"elementor-element elementor-element-f81e6b4 e-flex e-con-boxed e-con e-parent\" data-id=\"f81e6b4\" data-element_type=\"container\">\n\t\t\t\t\t<div class=\"e-con-inner\">\n\t\t\t\t<div class=\"elementor-element elementor-element-f91ebf7 elementor-widget elementor-widget-text-editor\" data-id=\"f91ebf7\" data-element_type=\"widget\" data-widget_type=\"text-editor.default\">\n\t\t\t\t<div class=\"elementor-widget-container\">\n\t\t\t\t\t\t\t<p><strong>Parcours artistique<\/strong><\/p><ul><li>Cours de peinture 2 ans, <em>1990\/1992<\/em><\/li><li>Bac L Sp\u00e9cialit\u00e9 Histoire des Arts au Lyc\u00e9e\u00a0 Guist&rsquo;haut \u00e0 Nantes, <em>1999<\/em><\/li><li>Cours de photographie <em>1997-1999<\/em><\/li><li>Collaboration vid\u00e9o en super 8\u00a0 M.I.R.E., <em>1999<\/em><\/li><li>DEUG d&rsquo;Histoire de l&rsquo;Art \u00e0 Rennes 2, <em>2003<\/em><\/li><li>Stage en laboratoire au Studio Vasselot \u00e0 Rennes, \u00e9clairage et laboratoire de d\u00e9veloppement (photographe de mise en sc\u00e8nes publicitaires, de portrait, reportage et mariage), <em>2003<\/em><\/li><\/ul><ul><li><span style=\"background-color: transparent; color: var( --e-global-color-text ); font-family: var( --e-global-typography-text-font-family ), Sans-serif; font-weight: var( --e-global-typography-text-font-weight ); text-align: var(--text-align);\">D\u00e9but de recherche sur l&rsquo;absorbtion du CO2 par les algues et conception structurelle d&rsquo;un dispositif de captation le long des p\u00e9riph\u00e9riques urbains (projet de recherche non financ\u00e9), <em>2001-2005<\/em><\/span><\/li><li>Photographe de concerts et d&rsquo;interviews pour le magazine Merry-Go-Round, <em>2000-2003<\/em><\/li><li>Participation \u00e0 3 concours du Festival International des Jardins de Chaumont, <em>2002-2003-2007<\/em><\/li><li>Licence d&rsquo;Histoire de l&rsquo;Art \u00e0 Lilles 3, <em>2004<\/em><\/li><li>Participation au Off du festival vid\u00e9o Bandit-Mage \u00e0 Bourges avec le collectif Apo33, <em>2004<\/em><\/li><li>Cr\u00e9ation du projet d&rsquo;ombri\u00e8res v\u00e9g\u00e9talis\u00e9es, r\u00e9cup\u00e9ratrices d&rsquo;eau pour le mobilier urbain (projet non retenu par le SEVE de Nantes), <em>2004<\/em><\/li><li>Master Communication et M\u00e9diation culturelle \u00e0 L&rsquo;Universit\u00e9 de Nantes, <em>2005<\/em><\/li><li>M\u00e9diation culturelle au Mus\u00e9e des Beaux Arts de Nantes, <em>2004-2005<\/em><\/li><li>Organisation de l&rsquo;exposition Vito Annibal Acouncci et Lygia Clark au Mus\u00e9e des Beaux Arts de Nantes, <em>2005<\/em><\/li><li>Laur\u00e9ate du Concours des Inventions V\u00e9g\u00e9tales organis\u00e9 par le SEVE de Nantes, pour le <strong>Rayon Vert<\/strong>, en comm\u00e9moration de l&rsquo;anniversaire de la mort de Jules Verne. Installation v\u00e9g\u00e9talis\u00e9e de 30m de long sur la Place Royale de Nantes, <em>2005<\/em><\/li><li>Co-direction du Studio multim\u00e9dia et collectif artistique Suki \u00e9ditions, <em>2010<\/em><\/li><li>Conception d&rsquo;une installation v\u00e9g\u00e9tale participative pour RFF, <em>2011<\/em><\/li><li>Co-conception du C.A.R.E. (Conscient Art and Relationship Evolution) manifeste sur le r\u00f4le de l&rsquo;artiste et de l&rsquo;art de la rem\u00e9diation dans la soci\u00e9t\u00e9, <em>2012<\/em><\/li><li>D\u00e9but de recherche sur la rem\u00e9diation des hydrocarbures en milieu marin, <em>2012<\/em><\/li><li>Cr\u00e9ation de projets hybrides narratifs : Cosmog\u00e9n\u00e8se (jeu et exp\u00e9rience immersive dans la psychanalyse et la mythologie), <em>2014<\/em><\/li><li>Ateliers Vid\u00e9o avec des \u00e9l\u00e8ves de 2nde Lyc\u00e9e Saint-Jean de Lectoure, <em>2014-2016<\/em><\/li><li>Cr\u00e9ation d&rsquo;Apocalypse Awards serie de 150 NFT, <em>2021<\/em><\/li><li>Cr\u00e9ation d&rsquo;Euthymia , <em>2022<\/em><\/li><li>Recherches et cr\u00e9ations d&rsquo;oeuvres digitales, <em>2022-2024<\/em><\/li><li>Collaboration avec l&rsquo;artiste Garance pour la cr\u00e9ation des Solaires, univers de Science-Fiction protopique<\/li><li>Collaboration artistique avec le collectif Lumi pour la cr\u00e9ation d&rsquo;un agent artistique en IA , <em>janvier 2025<\/em><\/li><li>Collaboration artistique avec la cha\u00eene Web3 Lum : cr\u00e9ation d&rsquo;\u00e9l\u00e9ments m\u00e9m\u00eatiques, <em>janvier 2025<\/em><\/li><\/ul><p>\u00a0<\/p><p>Les Expositions<\/p><ul><li>Exposition Monades, 15 juin au 26 ao\u00fbt 2023, l&rsquo;Espace R\u00e9mi Deroure \u00e0 Gu\u00e9rande<\/li><li>Cr\u00e9ation d&rsquo;une structure mobile portative et articul\u00e9e d&rsquo;un h\u00e9ron de 3m de long et 5m d&rsquo;envergure, pour le carnaval de Fleurance, avril 2024<\/li><li>Exposition Pop Hearts, 17 avril au 30 avril 2024, \u00e0 la PK Art Galery \u00e0 Lectoure<\/li><li>Exposition Monades, Pop Hearts et le Chant des Sillons \u00e0 la galerie de l&rsquo;Orangerie \u00e0 Lectoure<\/li><li>Exposition Les Solaires du 25 mai au 13 juillet au\u00a0 centre d&rsquo;Art le 109 \u00e0 Nice<\/li><li>Exposition Oc\u00e9anides \u00e0 l&rsquo;Espace R\u00e9mi Deroure \u00e0 Gu\u00e9rande, 15 juin 2024 au 24 ao\u00fbt 2024<\/li><\/ul>\t\t\t\t\t\t<\/div>\n\t\t\t\t<\/div>\n\t\t\t\t\t<\/div>\n\t\t\t\t<\/div>\n\t\t\t\t<\/div>\n\t\t","protected":false},"excerpt":{"rendered":"<p>ARTISTE Des installations v\u00e9g\u00e9tales au mobilier urbain innovant, en passant par de la recherche en mat\u00e9riaux de d\u00e9pollution marine, de l\u2019art vid\u00e9o, des structures gigantesques de carnaval, des sculptures, de l\u2019art digital et d\u2019intelligence artificielle, Hypathie de son vrai nom Claire Pichelin est une inclassable exploratrice du r\u00e9el et des imaginaires, travaillant aux fronti\u00e8res de [&hellip;]<\/p>\n","protected":false},"author":1,"featured_media":0,"parent":0,"menu_order":0,"comment_status":"closed","ping_status":"closed","template":"elementor_canvas","meta":{"footnotes":""},"class_list":["post-356","page","type-page","status-publish","hentry"],"yoast_head":"<!-- This site is optimized with the Yoast SEO plugin v23.6 - https:\/\/yoast.com\/wordpress\/plugins\/seo\/ -->\n<title>Artiste - studiohypathie<\/title>\n<meta name=\"robots\" content=\"index, follow, max-snippet:-1, max-image-preview:large, max-video-preview:-1\" \/>\n<link rel=\"canonical\" href=\"https:\/\/studiohypathie.fr\/index.php\/artiste\/\" \/>\n<meta property=\"og:locale\" content=\"fr_FR\" \/>\n<meta property=\"og:type\" content=\"article\" \/>\n<meta property=\"og:title\" content=\"Artiste - studiohypathie\" \/>\n<meta property=\"og:description\" content=\"ARTISTE Des installations v\u00e9g\u00e9tales au mobilier urbain innovant, en passant par de la recherche en mat\u00e9riaux de d\u00e9pollution marine, de l\u2019art vid\u00e9o, des structures gigantesques de carnaval, des sculptures, de l\u2019art digital et d\u2019intelligence artificielle, Hypathie de son vrai nom Claire Pichelin est une inclassable exploratrice du r\u00e9el et des imaginaires, travaillant aux fronti\u00e8res de [&hellip;]\" \/>\n<meta property=\"og:url\" content=\"https:\/\/studiohypathie.fr\/index.php\/artiste\/\" \/>\n<meta property=\"og:site_name\" content=\"studiohypathie\" \/>\n<meta property=\"article:modified_time\" content=\"2025-02-04T08:41:55+00:00\" \/>\n<meta property=\"og:image\" content=\"http:\/\/studiohypathie.fr\/wp-content\/uploads\/2024\/10\/hypathie-puce-soleil-150x150.png\" \/>\n<meta name=\"twitter:card\" content=\"summary_large_image\" \/>\n<meta name=\"twitter:label1\" content=\"Dur\u00e9e de lecture estim\u00e9e\" \/>\n\t<meta name=\"twitter:data1\" content=\"5 minutes\" \/>\n<script type=\"application\/ld+json\" class=\"yoast-schema-graph\">{\"@context\":\"https:\/\/schema.org\",\"@graph\":[{\"@type\":\"WebPage\",\"@id\":\"https:\/\/studiohypathie.fr\/index.php\/artiste\/\",\"url\":\"https:\/\/studiohypathie.fr\/index.php\/artiste\/\",\"name\":\"Artiste - studiohypathie\",\"isPartOf\":{\"@id\":\"https:\/\/studiohypathie.fr\/#website\"},\"primaryImageOfPage\":{\"@id\":\"https:\/\/studiohypathie.fr\/index.php\/artiste\/#primaryimage\"},\"image\":{\"@id\":\"https:\/\/studiohypathie.fr\/index.php\/artiste\/#primaryimage\"},\"thumbnailUrl\":\"http:\/\/studiohypathie.fr\/wp-content\/uploads\/2024\/10\/hypathie-puce-soleil-150x150.png\",\"datePublished\":\"2025-02-03T10:21:42+00:00\",\"dateModified\":\"2025-02-04T08:41:55+00:00\",\"breadcrumb\":{\"@id\":\"https:\/\/studiohypathie.fr\/index.php\/artiste\/#breadcrumb\"},\"inLanguage\":\"fr-FR\",\"potentialAction\":[{\"@type\":\"ReadAction\",\"target\":[\"https:\/\/studiohypathie.fr\/index.php\/artiste\/\"]}]},{\"@type\":\"ImageObject\",\"inLanguage\":\"fr-FR\",\"@id\":\"https:\/\/studiohypathie.fr\/index.php\/artiste\/#primaryimage\",\"url\":\"https:\/\/studiohypathie.fr\/wp-content\/uploads\/2024\/10\/hypathie-puce-soleil.png\",\"contentUrl\":\"https:\/\/studiohypathie.fr\/wp-content\/uploads\/2024\/10\/hypathie-puce-soleil.png\",\"width\":502,\"height\":502},{\"@type\":\"BreadcrumbList\",\"@id\":\"https:\/\/studiohypathie.fr\/index.php\/artiste\/#breadcrumb\",\"itemListElement\":[{\"@type\":\"ListItem\",\"position\":1,\"name\":\"Accueil\",\"item\":\"https:\/\/studiohypathie.fr\/\"},{\"@type\":\"ListItem\",\"position\":2,\"name\":\"Artiste\"}]},{\"@type\":\"WebSite\",\"@id\":\"https:\/\/studiohypathie.fr\/#website\",\"url\":\"https:\/\/studiohypathie.fr\/\",\"name\":\"studiohypathie\",\"description\":\"art &amp; recherche\",\"publisher\":{\"@id\":\"https:\/\/studiohypathie.fr\/#\/schema\/person\/614350ec4b9bfb5421eac8c798f4bf11\"},\"potentialAction\":[{\"@type\":\"SearchAction\",\"target\":{\"@type\":\"EntryPoint\",\"urlTemplate\":\"https:\/\/studiohypathie.fr\/?s={search_term_string}\"},\"query-input\":{\"@type\":\"PropertyValueSpecification\",\"valueRequired\":true,\"valueName\":\"search_term_string\"}}],\"inLanguage\":\"fr-FR\"},{\"@type\":[\"Person\",\"Organization\"],\"@id\":\"https:\/\/studiohypathie.fr\/#\/schema\/person\/614350ec4b9bfb5421eac8c798f4bf11\",\"name\":\"Hypathie\",\"image\":{\"@type\":\"ImageObject\",\"inLanguage\":\"fr-FR\",\"@id\":\"https:\/\/studiohypathie.fr\/#\/schema\/person\/image\/\",\"url\":\"https:\/\/studiohypathie.fr\/wp-content\/uploads\/2024\/10\/studio-hypathie-logo.png\",\"contentUrl\":\"https:\/\/studiohypathie.fr\/wp-content\/uploads\/2024\/10\/studio-hypathie-logo.png\",\"width\":512,\"height\":512,\"caption\":\"Hypathie\"},\"logo\":{\"@id\":\"https:\/\/studiohypathie.fr\/#\/schema\/person\/image\/\"},\"description\":\"Hypathie est une artiste pop humaniste contemporaine et pluridisciplinaire. Elle explore disciplines et m\u00e9diums de mani\u00e8re transversale: Art v\u00e9g\u00e9tal, Sculpture, Installations en passant par le Design et les Arts Num\u00e9riques.\",\"sameAs\":[\"http:\/\/studiohypathie.fr\",\"hypathie.and.co\"]}]}<\/script>\n<!-- \/ Yoast SEO plugin. -->","yoast_head_json":{"title":"Artiste - studiohypathie","robots":{"index":"index","follow":"follow","max-snippet":"max-snippet:-1","max-image-preview":"max-image-preview:large","max-video-preview":"max-video-preview:-1"},"canonical":"https:\/\/studiohypathie.fr\/index.php\/artiste\/","og_locale":"fr_FR","og_type":"article","og_title":"Artiste - studiohypathie","og_description":"ARTISTE Des installations v\u00e9g\u00e9tales au mobilier urbain innovant, en passant par de la recherche en mat\u00e9riaux de d\u00e9pollution marine, de l\u2019art vid\u00e9o, des structures gigantesques de carnaval, des sculptures, de l\u2019art digital et d\u2019intelligence artificielle, Hypathie de son vrai nom Claire Pichelin est une inclassable exploratrice du r\u00e9el et des imaginaires, travaillant aux fronti\u00e8res de [&hellip;]","og_url":"https:\/\/studiohypathie.fr\/index.php\/artiste\/","og_site_name":"studiohypathie","article_modified_time":"2025-02-04T08:41:55+00:00","og_image":[{"url":"http:\/\/studiohypathie.fr\/wp-content\/uploads\/2024\/10\/hypathie-puce-soleil-150x150.png"}],"twitter_card":"summary_large_image","twitter_misc":{"Dur\u00e9e de lecture estim\u00e9e":"5 minutes"},"schema":{"@context":"https:\/\/schema.org","@graph":[{"@type":"WebPage","@id":"https:\/\/studiohypathie.fr\/index.php\/artiste\/","url":"https:\/\/studiohypathie.fr\/index.php\/artiste\/","name":"Artiste - studiohypathie","isPartOf":{"@id":"https:\/\/studiohypathie.fr\/#website"},"primaryImageOfPage":{"@id":"https:\/\/studiohypathie.fr\/index.php\/artiste\/#primaryimage"},"image":{"@id":"https:\/\/studiohypathie.fr\/index.php\/artiste\/#primaryimage"},"thumbnailUrl":"http:\/\/studiohypathie.fr\/wp-content\/uploads\/2024\/10\/hypathie-puce-soleil-150x150.png","datePublished":"2025-02-03T10:21:42+00:00","dateModified":"2025-02-04T08:41:55+00:00","breadcrumb":{"@id":"https:\/\/studiohypathie.fr\/index.php\/artiste\/#breadcrumb"},"inLanguage":"fr-FR","potentialAction":[{"@type":"ReadAction","target":["https:\/\/studiohypathie.fr\/index.php\/artiste\/"]}]},{"@type":"ImageObject","inLanguage":"fr-FR","@id":"https:\/\/studiohypathie.fr\/index.php\/artiste\/#primaryimage","url":"https:\/\/studiohypathie.fr\/wp-content\/uploads\/2024\/10\/hypathie-puce-soleil.png","contentUrl":"https:\/\/studiohypathie.fr\/wp-content\/uploads\/2024\/10\/hypathie-puce-soleil.png","width":502,"height":502},{"@type":"BreadcrumbList","@id":"https:\/\/studiohypathie.fr\/index.php\/artiste\/#breadcrumb","itemListElement":[{"@type":"ListItem","position":1,"name":"Accueil","item":"https:\/\/studiohypathie.fr\/"},{"@type":"ListItem","position":2,"name":"Artiste"}]},{"@type":"WebSite","@id":"https:\/\/studiohypathie.fr\/#website","url":"https:\/\/studiohypathie.fr\/","name":"studiohypathie","description":"art &amp; recherche","publisher":{"@id":"https:\/\/studiohypathie.fr\/#\/schema\/person\/614350ec4b9bfb5421eac8c798f4bf11"},"potentialAction":[{"@type":"SearchAction","target":{"@type":"EntryPoint","urlTemplate":"https:\/\/studiohypathie.fr\/?s={search_term_string}"},"query-input":{"@type":"PropertyValueSpecification","valueRequired":true,"valueName":"search_term_string"}}],"inLanguage":"fr-FR"},{"@type":["Person","Organization"],"@id":"https:\/\/studiohypathie.fr\/#\/schema\/person\/614350ec4b9bfb5421eac8c798f4bf11","name":"Hypathie","image":{"@type":"ImageObject","inLanguage":"fr-FR","@id":"https:\/\/studiohypathie.fr\/#\/schema\/person\/image\/","url":"https:\/\/studiohypathie.fr\/wp-content\/uploads\/2024\/10\/studio-hypathie-logo.png","contentUrl":"https:\/\/studiohypathie.fr\/wp-content\/uploads\/2024\/10\/studio-hypathie-logo.png","width":512,"height":512,"caption":"Hypathie"},"logo":{"@id":"https:\/\/studiohypathie.fr\/#\/schema\/person\/image\/"},"description":"Hypathie est une artiste pop humaniste contemporaine et pluridisciplinaire. Elle explore disciplines et m\u00e9diums de mani\u00e8re transversale: Art v\u00e9g\u00e9tal, Sculpture, Installations en passant par le Design et les Arts Num\u00e9riques.","sameAs":["http:\/\/studiohypathie.fr","hypathie.and.co"]}]}},"_links":{"self":[{"href":"https:\/\/studiohypathie.fr\/index.php\/wp-json\/wp\/v2\/pages\/356","targetHints":{"allow":["GET"]}}],"collection":[{"href":"https:\/\/studiohypathie.fr\/index.php\/wp-json\/wp\/v2\/pages"}],"about":[{"href":"https:\/\/studiohypathie.fr\/index.php\/wp-json\/wp\/v2\/types\/page"}],"author":[{"embeddable":true,"href":"https:\/\/studiohypathie.fr\/index.php\/wp-json\/wp\/v2\/users\/1"}],"replies":[{"embeddable":true,"href":"https:\/\/studiohypathie.fr\/index.php\/wp-json\/wp\/v2\/comments?post=356"}],"version-history":[{"count":13,"href":"https:\/\/studiohypathie.fr\/index.php\/wp-json\/wp\/v2\/pages\/356\/revisions"}],"predecessor-version":[{"id":457,"href":"https:\/\/studiohypathie.fr\/index.php\/wp-json\/wp\/v2\/pages\/356\/revisions\/457"}],"wp:attachment":[{"href":"https:\/\/studiohypathie.fr\/index.php\/wp-json\/wp\/v2\/media?parent=356"}],"curies":[{"name":"wp","href":"https:\/\/api.w.org\/{rel}","templated":true}]}}