{"id":6,"date":"2024-10-07T19:18:18","date_gmt":"2024-10-07T17:18:18","guid":{"rendered":"https:\/\/studiohypathie.fr\/?page_id=6"},"modified":"2026-03-31T10:53:23","modified_gmt":"2026-03-31T08:53:23","slug":"studio-hypathie","status":"publish","type":"page","link":"https:\/\/studiohypathie.fr\/","title":{"rendered":"Studio Hypathie"},"content":{"rendered":"\t\t<div data-elementor-type=\"wp-page\" data-elementor-id=\"6\" class=\"elementor elementor-6\" data-elementor-post-type=\"page\">\n\t\t\t\t<div class=\"elementor-element elementor-element-38ff24b e-flex e-con-boxed e-con e-parent\" data-id=\"38ff24b\" data-element_type=\"container\" data-settings=\"{&quot;background_background&quot;:&quot;classic&quot;,&quot;shape_divider_top&quot;:&quot;opacity-fan&quot;,&quot;shape_divider_bottom&quot;:&quot;opacity-fan&quot;}\">\n\t\t\t\t\t<div class=\"e-con-inner\">\n\t\t\t\t<div class=\"elementor-shape elementor-shape-top\" data-negative=\"false\">\n\t\t\t<svg xmlns=\"http:\/\/www.w3.org\/2000\/svg\" viewBox=\"0 0 283.5 19.6\" preserveAspectRatio=\"none\">\n\t<path class=\"elementor-shape-fill\" style=\"opacity:0.33\" d=\"M0 0L0 18.8 141.8 4.1 283.5 18.8 283.5 0z\"\/>\n\t<path class=\"elementor-shape-fill\" style=\"opacity:0.33\" d=\"M0 0L0 12.6 141.8 4 283.5 12.6 283.5 0z\"\/>\n\t<path class=\"elementor-shape-fill\" style=\"opacity:0.33\" d=\"M0 0L0 6.4 141.8 4 283.5 6.4 283.5 0z\"\/>\n\t<path class=\"elementor-shape-fill\" d=\"M0 0L0 1.2 141.8 4 283.5 1.2 283.5 0z\"\/>\n<\/svg>\t\t<\/div>\n\t\t\t\t<div class=\"elementor-shape elementor-shape-bottom\" data-negative=\"false\">\n\t\t\t<svg xmlns=\"http:\/\/www.w3.org\/2000\/svg\" viewBox=\"0 0 283.5 19.6\" preserveAspectRatio=\"none\">\n\t<path class=\"elementor-shape-fill\" style=\"opacity:0.33\" d=\"M0 0L0 18.8 141.8 4.1 283.5 18.8 283.5 0z\"\/>\n\t<path class=\"elementor-shape-fill\" style=\"opacity:0.33\" d=\"M0 0L0 12.6 141.8 4 283.5 12.6 283.5 0z\"\/>\n\t<path class=\"elementor-shape-fill\" style=\"opacity:0.33\" d=\"M0 0L0 6.4 141.8 4 283.5 6.4 283.5 0z\"\/>\n\t<path class=\"elementor-shape-fill\" d=\"M0 0L0 1.2 141.8 4 283.5 1.2 283.5 0z\"\/>\n<\/svg>\t\t<\/div>\n\t\t\t\t\t<\/div>\n\t\t\t\t<\/div>\n\t\t<div class=\"elementor-element elementor-element-dfa9033 e-flex e-con-boxed e-con e-parent\" data-id=\"dfa9033\" data-element_type=\"container\">\n\t\t\t\t\t<div class=\"e-con-inner\">\n\t\t\t\t<div class=\"elementor-element elementor-element-a4b7fdb Studio Hypathie elementor-widget elementor-widget-heading\" data-id=\"a4b7fdb\" data-element_type=\"widget\" id=\"Studio Hypathie\" title=\"\" concepts=\"\" installations=\"\" galerie=\"\" data-widget_type=\"heading.default\">\n\t\t\t\t<div class=\"elementor-widget-container\">\n\t\t\t<h1 class=\"elementor-heading-title elementor-size-default\">STUDIO  HYPATHIE<\/h1>\t\t<\/div>\n\t\t\t\t<\/div>\n\t\t\t\t<div class=\"elementor-element elementor-element-737581b elementor-widget-divider--view-line elementor-widget elementor-widget-divider\" data-id=\"737581b\" data-element_type=\"widget\" data-widget_type=\"divider.default\">\n\t\t\t\t<div class=\"elementor-widget-container\">\n\t\t\t\t\t<div class=\"elementor-divider\">\n\t\t\t<span class=\"elementor-divider-separator\">\n\t\t\t\t\t\t<\/span>\n\t\t<\/div>\n\t\t\t\t<\/div>\n\t\t\t\t<\/div>\n\t\t\t\t<div class=\"elementor-element elementor-element-5c92a08 elementor-widget elementor-widget-spacer\" data-id=\"5c92a08\" data-element_type=\"widget\" data-widget_type=\"spacer.default\">\n\t\t\t\t<div class=\"elementor-widget-container\">\n\t\t\t\t\t<div class=\"elementor-spacer\">\n\t\t\t<div class=\"elementor-spacer-inner\"><\/div>\n\t\t<\/div>\n\t\t\t\t<\/div>\n\t\t\t\t<\/div>\n\t\t\t\t\t<\/div>\n\t\t\t\t<\/div>\n\t\t<div class=\"elementor-element elementor-element-35bfb1f e-flex e-con-boxed e-con e-parent\" data-id=\"35bfb1f\" data-element_type=\"container\" data-settings=\"{&quot;background_background&quot;:&quot;classic&quot;}\">\n\t\t\t\t\t<div class=\"e-con-inner\">\n\t\t\t\t<div class=\"elementor-element elementor-element-9dbda2c elementor-widget elementor-widget-heading\" data-id=\"9dbda2c\" data-element_type=\"widget\" data-widget_type=\"heading.default\">\n\t\t\t\t<div class=\"elementor-widget-container\">\n\t\t\t<h1 class=\"elementor-heading-title elementor-size-default\">Art, recherches &amp; Design <\/h1>\t\t<\/div>\n\t\t\t\t<\/div>\n\t\t\t\t\t<\/div>\n\t\t\t\t<\/div>\n\t\t<div class=\"elementor-element elementor-element-4d662ca e-flex e-con-boxed e-con e-parent\" data-id=\"4d662ca\" data-element_type=\"container\" data-settings=\"{&quot;background_background&quot;:&quot;classic&quot;}\">\n\t\t\t\t\t<div class=\"e-con-inner\">\n\t\t\t\t<div class=\"elementor-element elementor-element-83399c6 elementor-widget__width-auto elementor-widget elementor-widget-image\" data-id=\"83399c6\" data-element_type=\"widget\" data-widget_type=\"image.default\">\n\t\t\t\t<div class=\"elementor-widget-container\">\n\t\t\t\t\t\t\t\t\t\t\t\t\t<img fetchpriority=\"high\" decoding=\"async\" width=\"300\" height=\"300\" src=\"https:\/\/studiohypathie.fr\/wp-content\/uploads\/2024\/10\/cropped-studio-hypathie-logo-300x300.png\" class=\"attachment-medium size-medium wp-image-563\" alt=\"\" srcset=\"http:\/\/studiohypathie.fr\/wp-content\/uploads\/2024\/10\/cropped-studio-hypathie-logo-300x300.png 300w, http:\/\/studiohypathie.fr\/wp-content\/uploads\/2024\/10\/cropped-studio-hypathie-logo-150x150.png 150w, http:\/\/studiohypathie.fr\/wp-content\/uploads\/2024\/10\/cropped-studio-hypathie-logo.png 512w\" sizes=\"(max-width: 300px) 100vw, 300px\" \/>\t\t\t\t\t\t\t\t\t\t\t\t\t<\/div>\n\t\t\t\t<\/div>\n\t\t\t\t\t<\/div>\n\t\t\t\t<\/div>\n\t\t<div class=\"elementor-element elementor-element-933c864 e-flex e-con-boxed e-con e-parent\" data-id=\"933c864\" data-element_type=\"container\">\n\t\t\t\t\t<div class=\"e-con-inner\">\n\t\t\t\t<div class=\"elementor-element elementor-element-a54a09e e-transform elementor-widget elementor-widget-spacer\" data-id=\"a54a09e\" data-element_type=\"widget\" data-settings=\"{&quot;_transform_flipY_effect&quot;:&quot;transform&quot;}\" data-widget_type=\"spacer.default\">\n\t\t\t\t<div class=\"elementor-widget-container\">\n\t\t\t\t\t<div class=\"elementor-spacer\">\n\t\t\t<div class=\"elementor-spacer-inner\"><\/div>\n\t\t<\/div>\n\t\t\t\t<\/div>\n\t\t\t\t<\/div>\n\t\t\t\t<div class=\"elementor-element elementor-element-2ec9efe elementor-widget elementor-widget-spacer\" data-id=\"2ec9efe\" data-element_type=\"widget\" data-widget_type=\"spacer.default\">\n\t\t\t\t<div class=\"elementor-widget-container\">\n\t\t\t\t\t<div class=\"elementor-spacer\">\n\t\t\t<div class=\"elementor-spacer-inner\"><\/div>\n\t\t<\/div>\n\t\t\t\t<\/div>\n\t\t\t\t<\/div>\n\t\t\t\t\t<\/div>\n\t\t\t\t<\/div>\n\t\t<div class=\"elementor-element elementor-element-b1fc3db e-grid e-con-boxed e-con e-parent\" data-id=\"b1fc3db\" data-element_type=\"container\">\n\t\t\t\t\t<div class=\"e-con-inner\">\n\t\t\t\t<div class=\"elementor-element elementor-element-0da2ead elementor-button-success elementor-align-center elementor-widget elementor-widget-button\" data-id=\"0da2ead\" data-element_type=\"widget\" data-widget_type=\"button.default\">\n\t\t\t\t<div class=\"elementor-widget-container\">\n\t\t\t\t\t<div class=\"elementor-button-wrapper\">\n\t\t\t<a class=\"elementor-button elementor-button-link elementor-size-sm elementor-animation-grow\" href=\"https:\/\/studiohypathie.fr\/index.php\/galeries\/\">\n\t\t\t\t\t\t<span class=\"elementor-button-content-wrapper\">\n\t\t\t\t\t\t\t\t\t<span class=\"elementor-button-text\">GALERIE<\/span>\n\t\t\t\t\t<\/span>\n\t\t\t\t\t<\/a>\n\t\t<\/div>\n\t\t\t\t<\/div>\n\t\t\t\t<\/div>\n\t\t\t\t<div class=\"elementor-element elementor-element-e1f41a5 elementor-button-success elementor-align-center elementor-widget elementor-widget-button\" data-id=\"e1f41a5\" data-element_type=\"widget\" data-widget_type=\"button.default\">\n\t\t\t\t<div class=\"elementor-widget-container\">\n\t\t\t\t\t<div class=\"elementor-button-wrapper\">\n\t\t\t<a class=\"elementor-button elementor-button-link elementor-size-sm elementor-animation-grow\" href=\"https:\/\/studiohypathie.fr\/index.php\/expositions\/\">\n\t\t\t\t\t\t<span class=\"elementor-button-content-wrapper\">\n\t\t\t\t\t\t\t\t\t<span class=\"elementor-button-text\">expositions<\/span>\n\t\t\t\t\t<\/span>\n\t\t\t\t\t<\/a>\n\t\t<\/div>\n\t\t\t\t<\/div>\n\t\t\t\t<\/div>\n\t\t\t\t<div class=\"elementor-element elementor-element-e40e34b elementor-button-success elementor-align-center elementor-widget elementor-widget-button\" data-id=\"e40e34b\" data-element_type=\"widget\" data-widget_type=\"button.default\">\n\t\t\t\t<div class=\"elementor-widget-container\">\n\t\t\t\t\t<div class=\"elementor-button-wrapper\">\n\t\t\t<a class=\"elementor-button elementor-size-sm elementor-animation-grow\" role=\"button\">\n\t\t\t\t\t\t<span class=\"elementor-button-content-wrapper\">\n\t\t\t\t\t\t\t\t\t<span class=\"elementor-button-text\">contact<\/span>\n\t\t\t\t\t<\/span>\n\t\t\t\t\t<\/a>\n\t\t<\/div>\n\t\t\t\t<\/div>\n\t\t\t\t<\/div>\n\t\t\t\t\t<\/div>\n\t\t\t\t<\/div>\n\t\t<div class=\"elementor-element elementor-element-e8c1f6c e-flex e-con-boxed e-con e-parent\" data-id=\"e8c1f6c\" data-element_type=\"container\">\n\t\t\t\t\t<div class=\"e-con-inner\">\n\t\t\t\t<div class=\"elementor-element elementor-element-8c23b0d elementor-widget elementor-widget-spacer\" data-id=\"8c23b0d\" data-element_type=\"widget\" data-widget_type=\"spacer.default\">\n\t\t\t\t<div class=\"elementor-widget-container\">\n\t\t\t\t\t<div class=\"elementor-spacer\">\n\t\t\t<div class=\"elementor-spacer-inner\"><\/div>\n\t\t<\/div>\n\t\t\t\t<\/div>\n\t\t\t\t<\/div>\n\t\t\t\t<div class=\"elementor-element elementor-element-4047eef elementor-widget elementor-widget-heading\" data-id=\"4047eef\" data-element_type=\"widget\" data-widget_type=\"heading.default\">\n\t\t\t\t<div class=\"elementor-widget-container\">\n\t\t\t<h1 class=\"elementor-heading-title elementor-size-default\">Laboratoire d'Id\u00e9es \/ Studio de Cr\u00e9ation \/ Ing\u00e9nierie Artistique<\/h1>\t\t<\/div>\n\t\t\t\t<\/div>\n\t\t\t\t<div class=\"elementor-element elementor-element-9d1dae8 elementor-widget elementor-widget-spacer\" data-id=\"9d1dae8\" data-element_type=\"widget\" data-widget_type=\"spacer.default\">\n\t\t\t\t<div class=\"elementor-widget-container\">\n\t\t\t\t\t<div class=\"elementor-spacer\">\n\t\t\t<div class=\"elementor-spacer-inner\"><\/div>\n\t\t<\/div>\n\t\t\t\t<\/div>\n\t\t\t\t<\/div>\n\t\t\t\t<div class=\"elementor-element elementor-element-51125b5 elementor-widget elementor-widget-spacer\" data-id=\"51125b5\" data-element_type=\"widget\" data-widget_type=\"spacer.default\">\n\t\t\t\t<div class=\"elementor-widget-container\">\n\t\t\t\t\t<div class=\"elementor-spacer\">\n\t\t\t<div class=\"elementor-spacer-inner\"><\/div>\n\t\t<\/div>\n\t\t\t\t<\/div>\n\t\t\t\t<\/div>\n\t\t\t\t\t<\/div>\n\t\t\t\t<\/div>\n\t\t<div class=\"elementor-element elementor-element-66dd4c8 e-flex e-con-boxed e-con e-parent\" data-id=\"66dd4c8\" data-element_type=\"container\" data-settings=\"{&quot;background_background&quot;:&quot;classic&quot;}\" d=\"\">\n\t\t\t\t\t<div class=\"e-con-inner\">\n\t\t\t\t<div class=\"elementor-element elementor-element-6bb3e0e elementor-widget elementor-widget-spacer\" data-id=\"6bb3e0e\" data-element_type=\"widget\" data-widget_type=\"spacer.default\">\n\t\t\t\t<div class=\"elementor-widget-container\">\n\t\t\t\t\t<div class=\"elementor-spacer\">\n\t\t\t<div class=\"elementor-spacer-inner\"><\/div>\n\t\t<\/div>\n\t\t\t\t<\/div>\n\t\t\t\t<\/div>\n\t\t\t\t\t<\/div>\n\t\t\t\t<\/div>\n\t\t<div class=\"elementor-element elementor-element-708124e e-flex e-con-boxed e-con e-parent\" data-id=\"708124e\" data-element_type=\"container\" data-settings=\"{&quot;background_background&quot;:&quot;classic&quot;}\">\n\t\t\t\t\t<div class=\"e-con-inner\">\n\t\t\t\t\t<\/div>\n\t\t\t\t<\/div>\n\t\t<div class=\"elementor-element elementor-element-1f2ac31 e-flex e-con-boxed e-con e-parent\" data-id=\"1f2ac31\" data-element_type=\"container\" data-settings=\"{&quot;background_background&quot;:&quot;classic&quot;}\" d=\"\">\n\t\t\t\t\t<div class=\"e-con-inner\">\n\t\t\t\t<div class=\"elementor-element elementor-element-778b381 elementor-widget elementor-widget-spacer\" data-id=\"778b381\" data-element_type=\"widget\" data-widget_type=\"spacer.default\">\n\t\t\t\t<div class=\"elementor-widget-container\">\n\t\t\t\t\t<div class=\"elementor-spacer\">\n\t\t\t<div class=\"elementor-spacer-inner\"><\/div>\n\t\t<\/div>\n\t\t\t\t<\/div>\n\t\t\t\t<\/div>\n\t\t\t\t\t<\/div>\n\t\t\t\t<\/div>\n\t\t<div class=\"elementor-element elementor-element-057bafd e-flex e-con-boxed e-con e-parent\" data-id=\"057bafd\" data-element_type=\"container\" data-settings=\"{&quot;background_background&quot;:&quot;classic&quot;}\">\n\t\t\t\t\t<div class=\"e-con-inner\">\n\t\t\t\t\t<\/div>\n\t\t\t\t<\/div>\n\t\t<div class=\"elementor-element elementor-element-2b7627f e-flex e-con-boxed e-con e-parent\" data-id=\"2b7627f\" data-element_type=\"container\">\n\t\t\t\t\t<div class=\"e-con-inner\">\n\t\t\t\t<div class=\"elementor-element elementor-element-3363c91 elementor-cta--skin-cover elementor-cta--valign-middle elementor-animated-content elementor-bg-transform elementor-bg-transform-zoom-in elementor-widget elementor-widget-call-to-action\" data-id=\"3363c91\" data-element_type=\"widget\" data-widget_type=\"call-to-action.default\">\n\t\t\t\t<div class=\"elementor-widget-container\">\n\t\t\t\t\t<div class=\"elementor-cta\">\n\t\t\t\t\t<div class=\"elementor-cta__bg-wrapper\">\n\t\t\t\t<div class=\"elementor-cta__bg elementor-bg\" style=\"background-image: url();\" role=\"img\" aria-label=\"\"><\/div>\n\t\t\t\t<div class=\"elementor-cta__bg-overlay\"><\/div>\n\t\t\t<\/div>\n\t\t\t\t\t\t\t<div class=\"elementor-cta__content\">\n\t\t\t\t\n\t\t\t\t\t\t\t\t\t<h2 class=\"elementor-cta__title elementor-cta__content-item elementor-content-item elementor-animated-item--grow\">\n\t\t\t\t\t\tArt & oc\u00e9an\t\t\t\t\t<\/h2>\n\t\t\t\t\n\t\t\t\t\t\t\t\t\t<div class=\"elementor-cta__description elementor-cta__content-item elementor-content-item elementor-animated-item--grow\">\n\t\t\t\t\t\tR\u00e9flexions et propositions d'\u0152uvres de rem\u00e9diation des milieux \t\t\t\t\t<\/div>\n\t\t\t\t\n\t\t\t\t\t\t\t\t\t<div class=\"elementor-cta__button-wrapper elementor-cta__content-item elementor-content-item elementor-animated-item--grow\">\n\t\t\t\t\t<a class=\"elementor-cta__button elementor-button elementor-size-\">\n\t\t\t\t\t\tEn Savoir +\t\t\t\t\t<\/a>\n\t\t\t\t\t<\/div>\n\t\t\t\t\t\t\t<\/div>\n\t\t\t\t\t\t<\/div>\n\t\t\t\t<\/div>\n\t\t\t\t<\/div>\n\t\t\t\t\t<\/div>\n\t\t\t\t<\/div>\n\t\t<div class=\"elementor-element elementor-element-3f7ef38 e-flex e-con-boxed e-con e-parent\" data-id=\"3f7ef38\" data-element_type=\"container\">\n\t\t\t\t\t<div class=\"e-con-inner\">\n\t\t\t\t\t<\/div>\n\t\t\t\t<\/div>\n\t\t<div class=\"elementor-element elementor-element-2c82022 e-flex e-con-boxed e-con e-parent\" data-id=\"2c82022\" data-element_type=\"container\">\n\t\t\t\t\t<div class=\"e-con-inner\">\n\t\t\t\t\t<\/div>\n\t\t\t\t<\/div>\n\t\t<div class=\"elementor-element elementor-element-00aeafb e-flex e-con-boxed e-con e-parent\" data-id=\"00aeafb\" data-element_type=\"container\">\n\t\t\t\t\t<div class=\"e-con-inner\">\n\t\t\t\t<div class=\"elementor-element elementor-element-765ecec elementor-widget elementor-widget-spacer\" data-id=\"765ecec\" data-element_type=\"widget\" data-widget_type=\"spacer.default\">\n\t\t\t\t<div class=\"elementor-widget-container\">\n\t\t\t\t\t<div class=\"elementor-spacer\">\n\t\t\t<div class=\"elementor-spacer-inner\"><\/div>\n\t\t<\/div>\n\t\t\t\t<\/div>\n\t\t\t\t<\/div>\n\t\t\t\t\t<\/div>\n\t\t\t\t<\/div>\n\t\t<div class=\"elementor-element elementor-element-121621a e-flex e-con-boxed e-con e-parent\" data-id=\"121621a\" data-element_type=\"container\" data-settings=\"{&quot;background_background&quot;:&quot;classic&quot;}\" d=\"\">\n\t\t\t\t\t<div class=\"e-con-inner\">\n\t\t\t\t<div class=\"elementor-element elementor-element-04581bc elementor-widget elementor-widget-spacer\" data-id=\"04581bc\" data-element_type=\"widget\" data-widget_type=\"spacer.default\">\n\t\t\t\t<div class=\"elementor-widget-container\">\n\t\t\t\t\t<div class=\"elementor-spacer\">\n\t\t\t<div class=\"elementor-spacer-inner\"><\/div>\n\t\t<\/div>\n\t\t\t\t<\/div>\n\t\t\t\t<\/div>\n\t\t\t\t\t<\/div>\n\t\t\t\t<\/div>\n\t\t<div class=\"elementor-element elementor-element-b1a626d e-flex e-con-boxed e-con e-parent\" data-id=\"b1a626d\" data-element_type=\"container\" data-settings=\"{&quot;background_background&quot;:&quot;classic&quot;}\" d=\"\">\n\t\t\t\t\t<div class=\"e-con-inner\">\n\t\t\t\t\t<\/div>\n\t\t\t\t<\/div>\n\t\t\t\t<\/div>\n\t\t","protected":false},"excerpt":{"rendered":"<p>STUDIO HYPATHIE Art, recherches &amp; Design GALERIE expositions contact Laboratoire d&rsquo;Id\u00e9es \/ Studio de Cr\u00e9ation \/ Ing\u00e9nierie Artistique Art &#038; oc\u00e9an R\u00e9flexions et propositions d&rsquo;\u0152uvres de rem\u00e9diation des milieux En Savoir +<\/p>\n","protected":false},"author":1,"featured_media":0,"parent":0,"menu_order":0,"comment_status":"closed","ping_status":"closed","template":"elementor_canvas","meta":{"footnotes":""},"class_list":["post-6","page","type-page","status-publish","hentry"],"yoast_head":"<!-- This site is optimized with the Yoast SEO plugin v23.6 - https:\/\/yoast.com\/wordpress\/plugins\/seo\/ -->\n<title>Studio Hypathie | Art &amp; Recherche<\/title>\n<meta name=\"description\" content=\"Toutes les \u0153uvres d&#039;Hypathie au prix atelier. Peintures, sculptures et cr\u00e9ations originales. Livraison gratuite\" \/>\n<meta name=\"robots\" content=\"index, follow, max-snippet:-1, max-image-preview:large, max-video-preview:-1\" \/>\n<link rel=\"canonical\" href=\"https:\/\/studiohypathie.fr\/\" \/>\n<meta property=\"og:locale\" content=\"fr_FR\" \/>\n<meta property=\"og:type\" content=\"article\" \/>\n<meta property=\"og:title\" content=\"Studio Hypathie | Art &amp; Recherche\" \/>\n<meta property=\"og:description\" content=\"Toutes les \u0153uvres d&#039;Hypathie au prix atelier. Peintures, sculptures et cr\u00e9ations originales. Livraison gratuite\" \/>\n<meta property=\"og:url\" content=\"https:\/\/studiohypathie.fr\/\" \/>\n<meta property=\"og:site_name\" content=\"studiohypathie\" \/>\n<meta property=\"article:modified_time\" content=\"2026-03-31T08:53:23+00:00\" \/>\n<meta property=\"og:image\" content=\"http:\/\/studiohypathie.fr\/wp-content\/uploads\/2024\/10\/cropped-studio-hypathie-logo-300x300.png\" \/>\n<meta name=\"twitter:card\" content=\"summary_large_image\" \/>\n<meta name=\"twitter:label1\" content=\"Dur\u00e9e de lecture estim\u00e9e\" \/>\n\t<meta name=\"twitter:data1\" content=\"1 minute\" \/>\n<script type=\"application\/ld+json\" class=\"yoast-schema-graph\">{\"@context\":\"https:\/\/schema.org\",\"@graph\":[{\"@type\":\"WebPage\",\"@id\":\"https:\/\/studiohypathie.fr\/\",\"url\":\"https:\/\/studiohypathie.fr\/\",\"name\":\"Studio Hypathie | Art & Recherche\",\"isPartOf\":{\"@id\":\"https:\/\/studiohypathie.fr\/#website\"},\"primaryImageOfPage\":{\"@id\":\"https:\/\/studiohypathie.fr\/#primaryimage\"},\"image\":{\"@id\":\"https:\/\/studiohypathie.fr\/#primaryimage\"},\"thumbnailUrl\":\"http:\/\/studiohypathie.fr\/wp-content\/uploads\/2024\/10\/cropped-studio-hypathie-logo-300x300.png\",\"datePublished\":\"2024-10-07T17:18:18+00:00\",\"dateModified\":\"2026-03-31T08:53:23+00:00\",\"description\":\"Toutes les \u0153uvres d'Hypathie au prix atelier. Peintures, sculptures et cr\u00e9ations originales. Livraison gratuite\",\"breadcrumb\":{\"@id\":\"https:\/\/studiohypathie.fr\/#breadcrumb\"},\"inLanguage\":\"fr-FR\",\"potentialAction\":[{\"@type\":\"ReadAction\",\"target\":[\"https:\/\/studiohypathie.fr\/\"]}]},{\"@type\":\"ImageObject\",\"inLanguage\":\"fr-FR\",\"@id\":\"https:\/\/studiohypathie.fr\/#primaryimage\",\"url\":\"http:\/\/studiohypathie.fr\/wp-content\/uploads\/2024\/10\/cropped-studio-hypathie-logo-300x300.png\",\"contentUrl\":\"http:\/\/studiohypathie.fr\/wp-content\/uploads\/2024\/10\/cropped-studio-hypathie-logo-300x300.png\"},{\"@type\":\"BreadcrumbList\",\"@id\":\"https:\/\/studiohypathie.fr\/#breadcrumb\",\"itemListElement\":[{\"@type\":\"ListItem\",\"position\":1,\"name\":\"Accueil\",\"item\":\"https:\/\/studiohypathie.fr\/\"},{\"@type\":\"ListItem\",\"position\":2,\"name\":\"Studio Hypathie\"}]},{\"@type\":\"WebSite\",\"@id\":\"https:\/\/studiohypathie.fr\/#website\",\"url\":\"https:\/\/studiohypathie.fr\/\",\"name\":\"studiohypathie\",\"description\":\"art &amp; recherche\",\"publisher\":{\"@id\":\"https:\/\/studiohypathie.fr\/#\/schema\/person\/614350ec4b9bfb5421eac8c798f4bf11\"},\"potentialAction\":[{\"@type\":\"SearchAction\",\"target\":{\"@type\":\"EntryPoint\",\"urlTemplate\":\"https:\/\/studiohypathie.fr\/?s={search_term_string}\"},\"query-input\":{\"@type\":\"PropertyValueSpecification\",\"valueRequired\":true,\"valueName\":\"search_term_string\"}}],\"inLanguage\":\"fr-FR\"},{\"@type\":[\"Person\",\"Organization\"],\"@id\":\"https:\/\/studiohypathie.fr\/#\/schema\/person\/614350ec4b9bfb5421eac8c798f4bf11\",\"name\":\"Hypathie\",\"image\":{\"@type\":\"ImageObject\",\"inLanguage\":\"fr-FR\",\"@id\":\"https:\/\/studiohypathie.fr\/#\/schema\/person\/image\/\",\"url\":\"https:\/\/studiohypathie.fr\/wp-content\/uploads\/2024\/10\/studio-hypathie-logo.png\",\"contentUrl\":\"https:\/\/studiohypathie.fr\/wp-content\/uploads\/2024\/10\/studio-hypathie-logo.png\",\"width\":512,\"height\":512,\"caption\":\"Hypathie\"},\"logo\":{\"@id\":\"https:\/\/studiohypathie.fr\/#\/schema\/person\/image\/\"},\"description\":\"Hypathie est une artiste pop humaniste contemporaine et pluridisciplinaire. Elle explore disciplines et m\u00e9diums de mani\u00e8re transversale: Art v\u00e9g\u00e9tal, Sculpture, Installations en passant par le Design et les Arts Num\u00e9riques.\",\"sameAs\":[\"http:\/\/studiohypathie.fr\",\"hypathie.and.co\"]}]}<\/script>\n<!-- \/ Yoast SEO plugin. -->","yoast_head_json":{"title":"Studio Hypathie | Art & Recherche","description":"Toutes les \u0153uvres d'Hypathie au prix atelier. Peintures, sculptures et cr\u00e9ations originales. Livraison gratuite","robots":{"index":"index","follow":"follow","max-snippet":"max-snippet:-1","max-image-preview":"max-image-preview:large","max-video-preview":"max-video-preview:-1"},"canonical":"https:\/\/studiohypathie.fr\/","og_locale":"fr_FR","og_type":"article","og_title":"Studio Hypathie | Art & Recherche","og_description":"Toutes les \u0153uvres d'Hypathie au prix atelier. Peintures, sculptures et cr\u00e9ations originales. Livraison gratuite","og_url":"https:\/\/studiohypathie.fr\/","og_site_name":"studiohypathie","article_modified_time":"2026-03-31T08:53:23+00:00","og_image":[{"url":"http:\/\/studiohypathie.fr\/wp-content\/uploads\/2024\/10\/cropped-studio-hypathie-logo-300x300.png"}],"twitter_card":"summary_large_image","twitter_misc":{"Dur\u00e9e de lecture estim\u00e9e":"1 minute"},"schema":{"@context":"https:\/\/schema.org","@graph":[{"@type":"WebPage","@id":"https:\/\/studiohypathie.fr\/","url":"https:\/\/studiohypathie.fr\/","name":"Studio Hypathie | Art & Recherche","isPartOf":{"@id":"https:\/\/studiohypathie.fr\/#website"},"primaryImageOfPage":{"@id":"https:\/\/studiohypathie.fr\/#primaryimage"},"image":{"@id":"https:\/\/studiohypathie.fr\/#primaryimage"},"thumbnailUrl":"http:\/\/studiohypathie.fr\/wp-content\/uploads\/2024\/10\/cropped-studio-hypathie-logo-300x300.png","datePublished":"2024-10-07T17:18:18+00:00","dateModified":"2026-03-31T08:53:23+00:00","description":"Toutes les \u0153uvres d'Hypathie au prix atelier. Peintures, sculptures et cr\u00e9ations originales. Livraison gratuite","breadcrumb":{"@id":"https:\/\/studiohypathie.fr\/#breadcrumb"},"inLanguage":"fr-FR","potentialAction":[{"@type":"ReadAction","target":["https:\/\/studiohypathie.fr\/"]}]},{"@type":"ImageObject","inLanguage":"fr-FR","@id":"https:\/\/studiohypathie.fr\/#primaryimage","url":"http:\/\/studiohypathie.fr\/wp-content\/uploads\/2024\/10\/cropped-studio-hypathie-logo-300x300.png","contentUrl":"http:\/\/studiohypathie.fr\/wp-content\/uploads\/2024\/10\/cropped-studio-hypathie-logo-300x300.png"},{"@type":"BreadcrumbList","@id":"https:\/\/studiohypathie.fr\/#breadcrumb","itemListElement":[{"@type":"ListItem","position":1,"name":"Accueil","item":"https:\/\/studiohypathie.fr\/"},{"@type":"ListItem","position":2,"name":"Studio Hypathie"}]},{"@type":"WebSite","@id":"https:\/\/studiohypathie.fr\/#website","url":"https:\/\/studiohypathie.fr\/","name":"studiohypathie","description":"art &amp; recherche","publisher":{"@id":"https:\/\/studiohypathie.fr\/#\/schema\/person\/614350ec4b9bfb5421eac8c798f4bf11"},"potentialAction":[{"@type":"SearchAction","target":{"@type":"EntryPoint","urlTemplate":"https:\/\/studiohypathie.fr\/?s={search_term_string}"},"query-input":{"@type":"PropertyValueSpecification","valueRequired":true,"valueName":"search_term_string"}}],"inLanguage":"fr-FR"},{"@type":["Person","Organization"],"@id":"https:\/\/studiohypathie.fr\/#\/schema\/person\/614350ec4b9bfb5421eac8c798f4bf11","name":"Hypathie","image":{"@type":"ImageObject","inLanguage":"fr-FR","@id":"https:\/\/studiohypathie.fr\/#\/schema\/person\/image\/","url":"https:\/\/studiohypathie.fr\/wp-content\/uploads\/2024\/10\/studio-hypathie-logo.png","contentUrl":"https:\/\/studiohypathie.fr\/wp-content\/uploads\/2024\/10\/studio-hypathie-logo.png","width":512,"height":512,"caption":"Hypathie"},"logo":{"@id":"https:\/\/studiohypathie.fr\/#\/schema\/person\/image\/"},"description":"Hypathie est une artiste pop humaniste contemporaine et pluridisciplinaire. Elle explore disciplines et m\u00e9diums de mani\u00e8re transversale: Art v\u00e9g\u00e9tal, Sculpture, Installations en passant par le Design et les Arts Num\u00e9riques.","sameAs":["http:\/\/studiohypathie.fr","hypathie.and.co"]}]}},"_links":{"self":[{"href":"https:\/\/studiohypathie.fr\/index.php\/wp-json\/wp\/v2\/pages\/6","targetHints":{"allow":["GET"]}}],"collection":[{"href":"https:\/\/studiohypathie.fr\/index.php\/wp-json\/wp\/v2\/pages"}],"about":[{"href":"https:\/\/studiohypathie.fr\/index.php\/wp-json\/wp\/v2\/types\/page"}],"author":[{"embeddable":true,"href":"https:\/\/studiohypathie.fr\/index.php\/wp-json\/wp\/v2\/users\/1"}],"replies":[{"embeddable":true,"href":"https:\/\/studiohypathie.fr\/index.php\/wp-json\/wp\/v2\/comments?post=6"}],"version-history":[{"count":91,"href":"https:\/\/studiohypathie.fr\/index.php\/wp-json\/wp\/v2\/pages\/6\/revisions"}],"predecessor-version":[{"id":650,"href":"https:\/\/studiohypathie.fr\/index.php\/wp-json\/wp\/v2\/pages\/6\/revisions\/650"}],"wp:attachment":[{"href":"https:\/\/studiohypathie.fr\/index.php\/wp-json\/wp\/v2\/media?parent=6"}],"curies":[{"name":"wp","href":"https:\/\/api.w.org\/{rel}","templated":true}]}}